{"id":464,"date":"2025-07-10T10:04:07","date_gmt":"2025-07-10T08:04:07","guid":{"rendered":"https:\/\/trulyverona.com\/?page_id=464"},"modified":"2026-04-02T11:34:23","modified_gmt":"2026-04-02T09:34:23","slug":"erfahrungen","status":"publish","type":"page","link":"https:\/\/trulyverona.com\/de\/erfahrungen\/","title":{"rendered":"Erlebnisse"},"content":{"rendered":"<section class=\"bde-section-464-100 bde-section\">\n              \n  \n  \n\t\n\n  <div class=\"section-background-overlay\"><\/div>\n\n\n<div class=\"section-container\"><div class=\"bde-div-464-167 bde-div\">\n  \n  \n\t\n\n\n\n<div class=\"bde-image-464-168 bde-image\" data-parallax=\"true\">\n<figure class=\"breakdance-image breakdance-image--1487\">\n\t<div class=\"breakdance-image-container\">\n\t\t<div class=\"breakdance-image-clip\"><img loading=\"lazy\" decoding=\"async\" class=\"breakdance-image-object\" src=\"https:\/\/trulyverona.com\/wp-content\/uploads\/2026\/01\/truly-verona-favicon.webp\" width=\"90\" height=\"91\" srcset=\"https:\/\/trulyverona.com\/wp-content\/uploads\/2026\/01\/truly-verona-favicon.webp 90w, https:\/\/trulyverona.com\/wp-content\/uploads\/2026\/01\/truly-verona-favicon-12x12.webp 12w\" sizes=\"auto, (max-width: 90px) 100vw, 90px\"><\/div>\n\t<\/div><\/figure>\n\n<\/div><h1 class=\"bde-heading-464-169 bde-heading\">\nErlebnisse\n<\/h1>\n<\/div><div class=\"bde-text-464-102 bde-text\">\nF\u00fchrungen, Vergn\u00fcgungsparks und Vermietungen: der beste Ausgangspunkt f\u00fcr einen Besuch der Attraktionen des unteren Gardasees, in Zusammenarbeit mit GardaWay.\n<\/div><\/div>\n<\/section><section class=\"bde-section-464-170 bde-section\">\n  \n  \n\t\n\n\n\n<div class=\"section-container\"><div class=\"bde-columns-464-171 bde-columns\"><div class=\"bde-column-464-172 bde-column\">\n  \n  \n\t\n\n\n\n<img decoding=\"async\" class=\"bde-image2-464-178 bde-image2\" src=\"https:\/\/trulyverona.com\/wp-content\/uploads\/2026\/04\/IMG_4271-scaled-e1775122276543.jpg\" loading=\"lazy\" srcset=\"https:\/\/trulyverona.com\/wp-content\/uploads\/2026\/04\/IMG_4271-scaled-e1775122276543.jpg 2547w, https:\/\/trulyverona.com\/wp-content\/uploads\/2026\/04\/IMG_4271-scaled-e1775122276543-300x207.jpg 300w, https:\/\/trulyverona.com\/wp-content\/uploads\/2026\/04\/IMG_4271-scaled-e1775122276543-1024x707.jpg 1024w, https:\/\/trulyverona.com\/wp-content\/uploads\/2026\/04\/IMG_4271-scaled-e1775122276543-768x530.jpg 768w, https:\/\/trulyverona.com\/wp-content\/uploads\/2026\/04\/IMG_4271-scaled-e1775122276543-1536x1060.jpg 1536w, https:\/\/trulyverona.com\/wp-content\/uploads\/2026\/04\/IMG_4271-scaled-e1775122276543-2048x1414.jpg 2048w, https:\/\/trulyverona.com\/wp-content\/uploads\/2026\/04\/IMG_4271-scaled-e1775122276543-18x12.jpg 18w\" sizes=\"(max-width: 2547px) 100vw, 2547px\">\n<\/div><div class=\"bde-column-464-173 bde-column\">\n  \n  \n\t\n\n\n\n<h2 class=\"bde-heading-464-176 bde-heading\">\nVerona entdecken <br>wie ein echter Einheimischer\n<\/h2><div class=\"bde-text-464-174 bde-text\">\nTruly Verona hat die Exzellenz von Romeo and Juliet Guide als offiziellen Partner f\u00fcr F\u00fchrungen gew\u00e4hlt. Von historischen Spazierg\u00e4ngen bis hin zu kulinarischen und weinkundlichen Erlebnissen - wir haben uns zusammengetan, um Ihnen einen zauberhaften und unbeschwerten Aufenthalt zu garantieren!\n<\/div><div class=\"bde-div-464-179 bde-div\">\n  \n  \n\t\n\n\n\n<div class=\"bde-div-464-180 bde-div\">\n  \n  \n\t\n\n\n\n<h3 class=\"bde-heading-464-181 bde-heading\">\nKontaktieren Sie uns und buchen Sie\n<\/h3>\n<\/div><div class=\"bde-button-464-183 bde-button\">\n    \n                        \n                        \n    \n    \n    \n    \n            \n                    \n            \n            \n\n    \n    \n    \n    \n    \n    <a class=\"breakdance-link button-atom button-atom--primary bde-button__button\" href=\"https:\/\/www.romeoandjulietguide.com\/it\/\" target=\"_self\" data-type=\"url\"  >\n\n    \n        <span class=\"button-atom__text\">MEHR ENTDECKEN<\/span>\n\n        \n        \n                <\/a>\n\n    \n\n\n<\/div>\n<\/div>\n<\/div><\/div><\/div>\n<\/section><section class=\"bde-section-464-103 bde-section\">\n  \n  \n\t\n\n\n\n<div class=\"section-container\"><div class=\"bde-columns-464-104 bde-columns\"><div class=\"bde-column-464-105 bde-column\">\n  \n  \n\t\n\n\n\n<div class=\"bde-text-464-106 bde-text\">\nENOGASTRONOMIE\n<\/div><h2 class=\"bde-heading-464-107 bde-heading\">\nWeinverkostung<br>im Zentrum von Verona\n<\/h2><div class=\"bde-text-464-108 bde-text\">\nErleben Sie ein authentisches Geschmackserlebnis im Herzen von Verona: In nur 40 Minuten f\u00fchrt Sie Ihr Sommelier zu den besten Weinen der Region, vom Prosecco bis zu den gro\u00dfen Rotweinen des Valpolicella, begleitet von k\u00f6stlichen lokalen Snacks. <br><br>Ein besonderer Moment, der sich leicht in den Tag einbauen l\u00e4sst, perfekt f\u00fcr alle, die Verona durch seine D\u00fcfte und Geschm\u00e4cker kennen lernen m\u00f6chten. \n<\/div><div class=\"bde-div-464-150 bde-div\">\n  \n  \n\t\n\n\n\n<div class=\"bde-div-464-151 bde-div\">\n  \n  \n\t\n\n\n\n<h3 class=\"bde-heading-464-152 bde-heading\">\nKontaktieren Sie uns und buchen Sie\n<\/h3><div class=\"bde-text-464-153 bde-text\">\nBuchen Sie jetzt und sto\u00dfen Sie auf Ihr Verona-Erlebnis an!\n<\/div>\n<\/div><div class=\"bde-button-464-154 bde-button\">\n    \n                        \n                        \n    \n    \n    \n    \n            \n                    \n            \n            \n\n    \n    \n    \n    \n    \n    <a class=\"breakdance-link button-atom button-atom--primary bde-button__button\" href=\"https:\/\/www.romeoandjulietguide.com\/it\/product\/tours-of-verona\/wine-tasting-verona\/\" target=\"_self\" data-type=\"url\"  >\n\n    \n        <span class=\"button-atom__text\">MEHR ENTDECKEN<\/span>\n\n        \n        \n                <\/a>\n\n    \n\n\n<\/div>\n<\/div>\n<\/div><div class=\"bde-column-464-110 bde-column\" data-entrance=\"slideUp\">\n  \n  \n\t\n\n\n\n\n<\/div><\/div><\/div>\n<\/section><section class=\"bde-section-464-112 bde-section\">\n  \n  \n\t\n\n\n\n<div class=\"section-container\"><div class=\"bde-columns-464-113 bde-columns\"><div class=\"bde-column-464-119 bde-column\" data-entrance=\"slideUp\">\n  \n  \n\t\n\n\n\n\n<\/div><div class=\"bde-column-464-114 bde-column\">\n  \n  \n\t\n\n\n\n<div class=\"bde-text-464-115 bde-text\">\nStadtrundfahrt\n<\/div><h2 class=\"bde-heading-464-116 bde-heading\">\nAuthentisches Verona: die private Tour, die verzaubert\n<\/h2><div class=\"bde-text-464-117 bde-text\">\nErleben Sie Verona mit den Augen eines ortskundigen F\u00fchrers: von der Arena bis zu den historischen Vierteln, von den eleganten Pl\u00e4tzen bis zu den Einkaufsstra\u00dfen, bis zur Standseilbahn, die einen spektakul\u00e4ren Blick auf die Stadt bietet. <br><br>Eine Route voller Geschichte, Charme und unvergesslicher Ausblicke, ideal f\u00fcr diejenigen, die Verona auf authentische und zur\u00fcckhaltende Weise entdecken m\u00f6chten. \n<\/div><div class=\"bde-div-464-155 bde-div\">\n  \n  \n\t\n\n\n\n<div class=\"bde-div-464-156 bde-div\">\n  \n  \n\t\n\n\n\n<h3 class=\"bde-heading-464-157 bde-heading\">\nKontaktieren Sie uns und buchen Sie\n<\/h3><div class=\"bde-text-464-158 bde-text\">\nOrganisieren Sie jetzt Ihre private Tour!\n<\/div>\n<\/div><div class=\"bde-button-464-159 bde-button\">\n    \n                        \n                        \n    \n    \n    \n    \n            \n                    \n            \n            \n\n    \n    \n    \n    \n    \n    <a class=\"breakdance-link button-atom button-atom--primary bde-button__button\" href=\"https:\/\/www.romeoandjulietguide.com\/it\/product\/tours-of-verona\/verona-highlights-hidden-gems\/\" target=\"_self\" data-type=\"url\"  >\n\n    \n        <span class=\"button-atom__text\">MEHR ENTDECKEN<\/span>\n\n        \n        \n                <\/a>\n\n    \n\n\n<\/div>\n<\/div>\n<\/div><\/div><\/div>\n<\/section><section class=\"bde-section-464-120 bde-section\">\n  \n  \n\t\n\n\n\n<div class=\"section-container\"><div class=\"bde-columns-464-121 bde-columns\"><div class=\"bde-column-464-122 bde-column\">\n  \n  \n\t\n\n\n\n<div class=\"bde-text-464-123 bde-text\">\nTouren und Erlebnisse\n<\/div><h2 class=\"bde-heading-464-124 bde-heading\">\nKochkurs im Herzen von Verona\n<\/h2><div class=\"bde-text-464-125 bde-text\">\nEntdecken Sie die echte Veroneser K\u00fcche bei einem praktischen und unterhaltsamen Kurs im Herzen der Stadt: Gemeinsam mit dem Chefkoch bereiten Sie Antipasti, frische Pasta, Risotto und ein k\u00f6stliches Dessert zu und genie\u00dfen das Ganze dann bei einem geselligen Mittagessen in Begleitung von Wein und guter Gesellschaft. Ein authentisches Erlebnis, das f\u00fcr jeden geeignet und individuell gestaltbar ist. \n<\/div><div class=\"bde-div-464-160 bde-div\">\n  \n  \n\t\n\n\n\n<div class=\"bde-div-464-161 bde-div\">\n  \n  \n\t\n\n\n\n<h3 class=\"bde-heading-464-162 bde-heading\">\nKontaktieren Sie uns und buchen Sie\n<\/h3><div class=\"bde-text-464-163 bde-text\">\nFordern Sie jetzt die Verf\u00fcgbarkeit an und genie\u00dfen Sie Ihr kulinarisches Erlebnis in Verona!\n<\/div>\n<\/div><div class=\"bde-button-464-164 bde-button\">\n    \n                        \n                        \n    \n    \n    \n    \n            \n                    \n            \n            \n\n    \n    \n    \n    \n    \n    <a class=\"breakdance-link button-atom button-atom--primary bde-button__button\" href=\"https:\/\/www.romeoandjulietguide.com\/it\/product\/tours-of-verona\/cooking-class-verona-city\/\" target=\"_self\" data-type=\"url\"  >\n\n    \n        <span class=\"button-atom__text\">MEHR ENTDECKEN<\/span>\n\n        \n        \n                <\/a>\n\n    \n\n\n<\/div>\n<\/div>\n<\/div><div class=\"bde-column-464-127 bde-column\" data-entrance=\"slideUp\">\n  \n  \n\t\n\n\n\n\n<\/div><\/div><\/div>\n<\/section>","protected":false},"excerpt":{"rendered":"<p>Esperienze Tour guidati, parchi divertimento e noleggio: la migliore base per una visita alle attrazioni del basso Lago di Garda, in convenzione con GardaWay. Scopri Verona come un vero local Truly Verona ha scelto l&#8217;eccellenza di Romeo and Juliet Guide come partner ufficiale per i tour guidati. Dalle passeggiate storiche alle esperienze enogastronomiche, abbiamo unito [&hellip;]<\/p>","protected":false},"author":3,"featured_media":0,"parent":0,"menu_order":0,"comment_status":"closed","ping_status":"closed","template":"","meta":{"_breakdance_hide_in_design_set":false,"_breakdance_tags":"","footnotes":""},"class_list":["post-464","page","type-page","status-publish","hentry"],"_links":{"self":[{"href":"https:\/\/trulyverona.com\/de\/wp-json\/wp\/v2\/pages\/464","targetHints":{"allow":["GET"]}}],"collection":[{"href":"https:\/\/trulyverona.com\/de\/wp-json\/wp\/v2\/pages"}],"about":[{"href":"https:\/\/trulyverona.com\/de\/wp-json\/wp\/v2\/types\/page"}],"author":[{"embeddable":true,"href":"https:\/\/trulyverona.com\/de\/wp-json\/wp\/v2\/users\/3"}],"replies":[{"embeddable":true,"href":"https:\/\/trulyverona.com\/de\/wp-json\/wp\/v2\/comments?post=464"}],"version-history":[{"count":45,"href":"https:\/\/trulyverona.com\/de\/wp-json\/wp\/v2\/pages\/464\/revisions"}],"predecessor-version":[{"id":2013,"href":"https:\/\/trulyverona.com\/de\/wp-json\/wp\/v2\/pages\/464\/revisions\/2013"}],"wp:attachment":[{"href":"https:\/\/trulyverona.com\/de\/wp-json\/wp\/v2\/media?parent=464"}],"curies":[{"name":"wp","href":"https:\/\/api.w.org\/{rel}","templated":true}]}}