{"id":440,"date":"2025-07-10T09:27:58","date_gmt":"2025-07-10T07:27:58","guid":{"rendered":"https:\/\/trulyverona.com\/contact\/"},"modified":"2026-03-18T16:20:31","modified_gmt":"2026-03-18T15:20:31","slug":"kontakte","status":"publish","type":"page","link":"https:\/\/trulyverona.com\/de\/kontakte\/","title":{"rendered":"Kontakt"},"content":{"rendered":"<section class=\"bde-section-440-142 bde-section\">\n              \n  \n  \n\t\n\n  <div class=\"section-background-overlay\"><\/div>\n\n\n<div class=\"section-container\"><div class=\"bde-div-440-151 bde-div\">\n  \n  \n\t\n\n\n\n<div class=\"bde-image-440-152 bde-image\" data-parallax=\"true\">\n<figure class=\"breakdance-image breakdance-image--1487\">\n\t<div class=\"breakdance-image-container\">\n\t\t<div class=\"breakdance-image-clip\"><img loading=\"lazy\" decoding=\"async\" class=\"breakdance-image-object\" src=\"https:\/\/trulyverona.com\/wp-content\/uploads\/2026\/01\/truly-verona-favicon.webp\" width=\"90\" height=\"91\" srcset=\"https:\/\/trulyverona.com\/wp-content\/uploads\/2026\/01\/truly-verona-favicon.webp 90w, https:\/\/trulyverona.com\/wp-content\/uploads\/2026\/01\/truly-verona-favicon-12x12.webp 12w\" sizes=\"auto, (max-width: 90px) 100vw, 90px\"><\/div>\n\t<\/div><\/figure>\n\n<\/div><h1 class=\"bde-heading-440-153 bde-heading\">\nKontakt\n<\/h1>\n<\/div><div class=\"bde-text-440-130 bde-text\">\nF\u00fcr weitere Informationen oder Sonderw\u00fcnsche z\u00f6gern Sie bitte nicht, uns zu kontaktieren, wir helfen Ihnen gerne weiter.\n<\/div><div class=\"bde-text-440-144 bde-text\">\n\n<\/div><\/div>\n<\/section><section class=\"bde-section-440-103 bde-section\">\n  \n  \n\t\n\n\n\n<div class=\"section-container\"><div class=\"bde-div-440-127 bde-div\">\n  \n  \n\t\n\n\n\n<div class=\"bde-text-440-128 bde-text\">\nWIR BLEIBEN IN KONTAKT\n<\/div><h2 class=\"bde-heading-440-129 bde-heading\">\nSenden Sie uns eine Nachricht\n<\/h2><div class=\"bde-text-440-145 bde-text\">\nBitte f\u00fcllen Sie das nachstehende Formular aus, alle Felder sind Pflichtfelder.\n<\/div>\n<\/div><div class=\"bde-form-builder-440-131 bde-form-builder\">\n\n<form id=\"contact-form131\" class=\"breakdance-form breakdance-form--vertical\" data-options=\"{&quot;slug&quot;:&quot;custom&quot;,&quot;name&quot;:&quot;Contact Form&quot;,&quot;ajaxUrl&quot;:&quot;https:\\\/\\\/trulyverona.com\\\/wp-admin\\\/admin-ajax.php&quot;,&quot;clearOnSuccess&quot;:true,&quot;hideOnSuccess&quot;:false,&quot;successMessage&quot;:&quot;The form was submitted successfully.&quot;,&quot;errorMessage&quot;:&quot;Something went wrong.&quot;,&quot;redirect&quot;:false,&quot;redirectUrl&quot;:&quot;&quot;,&quot;customJavaScript&quot;:&quot;&quot;,&quot;recaptcha&quot;:{&quot;key&quot;:&quot;&quot;,&quot;enabled&quot;:false},&quot;honeypot_enabled&quot;:true,&quot;popupsOnSuccess&quot;:[],&quot;popupsOnError&quot;:[]}\" data-steps=\"0\" action=\"\" >\n  \n  \n  \n<div class=\"breakdance-form-field breakdance-form-field--text\" >\n    \n    \n            <label class=\"breakdance-form-field__label\" for=\"name\">\n            Name<span class=\"breakdance-form-field__required\">*<\/span>\n        <\/label>\n    \n    <input\n    class=\"breakdance-form-field__input\"\n    id=\"name\"\n    aria-describedby=\"name\"\n    type=\"text\"\n    name=\"fields[name]\"\n    placeholder=\"Ihr Name\"\n    value=\"\"\n                \n        \n        \n    required\n>\n\n\n    \n    \n<\/div>\n\n\n<div class=\"breakdance-form-field breakdance-form-field--email\" >\n    \n    \n            <label class=\"breakdance-form-field__label\" for=\"email\">\n            E-Mail<span class=\"breakdance-form-field__required\">*<\/span>\n        <\/label>\n    \n    <input\n    class=\"breakdance-form-field__input\"\n    id=\"email\"\n    aria-describedby=\"email\"\n    type=\"email\"\n    name=\"fields[email]\"\n    placeholder=\"E-Mail Adresse\"\n    value=\"\"\n                \n        \n        \n    required\n>\n\n\n    \n    \n<\/div>\n\n\n<div class=\"breakdance-form-field breakdance-form-field--tel\" >\n    \n    \n            <label class=\"breakdance-form-field__label\" for=\"yyzlfl\">\n            Rufnummer<span class=\"breakdance-form-field__required\">*<\/span>\n        <\/label>\n    \n    <input\n    class=\"breakdance-form-field__input\"\n    id=\"yyzlfl\"\n    aria-describedby=\"yyzlfl\"\n    type=\"tel\"\n    name=\"fields[yyzlfl]\"\n    placeholder=\"Rufnummer\"\n    value=\"\"\n                \n        \n        \n    required\n>\n\n\n    \n    \n<\/div>\n\n\n<div class=\"breakdance-form-field breakdance-form-field--textarea\" >\n    \n    \n            <label class=\"breakdance-form-field__label\" for=\"message\">\n            Nachricht<span class=\"breakdance-form-field__required\">*<\/span>\n        <\/label>\n    \n    <textarea\n    class=\"breakdance-form-field__input\"\n    id=\"message\"\n    aria-describedby=\"message\"\n    type=\"textarea\"\n    name=\"fields[message]\"\n        placeholder=\"Ihre Nachricht\"\n    required\n>\n<\/textarea>\n\n\n    \n    \n<\/div>\n\n\n<div class=\"breakdance-form-field breakdance-form-field--checkbox\" >\n    \n    \n    \n    <fieldset role=\"group\"\n    >\n          <div class=\"breakdance-form-checkbox\">\n          <input\n              type=\"checkbox\"\n              name=\"fields[ddquvm]\"\n              value=\"Ho letto e accetto la &lt;a href=&quot;\/privacy-policy\/&quot;&gt;Privacy Policy&lt;\/a&gt;\"\n              id=\"ddquvm-1\"\n              \n                        >\n          <label class=\"breakdance-form-checkbox__text\" for=\"ddquvm-1\">Ich habe gelesen und akzeptiere die <a href=\"\/de\/datenschutzbestimmungen\/\">Datenschutzbestimmungen<\/a><\/label>\n      <\/div>\n  <\/fieldset>\n\n\n\n    \n    \n<\/div>\n\n\n<div class=\"breakdance-form-field breakdance-form-field--hpinput\" >\n    \n    \n            <label class=\"breakdance-form-field__label\" for=\"hpname\">\n            HP Name\n        <\/label>\n    \n    <input\n    class=\"breakdance-form-field__input\"\n    id=\"hpname\"\n    aria-describedby=\"hpname\"\n    type=\"hpinput\"\n    name=\"fields[hpname]\"\n    placeholder=\"\"\n    value=\"\"\n                \n        \n        \n    \n    autocomplete=\"off\"\n    tabindex=\"-1\"\n    \n>\n\n\n    \n    \n<\/div>\n\n\n<div class=\"breakdance-form-field breakdance-form-field--hidden\" >\n    \n    \n    \n    <input\n    id=\"csrf-token-131\"\n    type=\"hidden\"\n    name=\"fields[csrfToken]\"\n    value=\"ceb731dcf4\"\n    >\n\n\n    \n    \n<\/div>\n\n\n  \n\n<div class=\"breakdance-form-field breakdance-form-footer\">\n    \n    \n                                    \n    \n    \n    \n    \n            \n            <button type=\"submit\" class=\"button-atom button-atom--primary breakdance-form-button breakdance-form-button__submit\"  >\n    \n        <span class=\"button-atom__text\">Nachricht senden<\/span>\n\n        \n        \n            <\/button>\n    \n    <input type=\"hidden\" name=\"form_id\" value=\"131\">\n    <input type=\"hidden\" name=\"post_id\" value=\"440\">\n<\/div>\n\n  \n<input type=\"hidden\" name=\"trp-form-language\" value=\"de\"\/><\/form>\n\n\n<\/div><div class=\"bde-columns-440-114 bde-columns\"><div class=\"bde-column-440-115 bde-column\">\n  \n  \n\t\n\n\n\n<h3 class=\"bde-heading-440-116 bde-heading\">\nRezeption\n<\/h3><div class=\"bde-text-440-117 bde-text\">\nVia S. Pietro Incarnario, 8a, 37121 Verona VR\n<\/div>\n<\/div><div class=\"bde-column-440-118 bde-column\">\n  \n  \n\t\n\n\n\n<h3 class=\"bde-heading-440-119 bde-heading\">\nKontakt\n<\/h3><div class=\"bde-text-440-120 bde-text\">\nTel +39 045 245 6031<br>E-Mail: trulyverona@trulyitaly.com\n<\/div>\n<\/div><\/div><\/div>\n<\/section><section class=\"bde-section-440-146 bde-section\">\n  \n  \n\t\n\n\n\n<div class=\"section-container\"><div class=\"bde-logo-list-440-147 bde-logo-list gradient-overlay__both un-image-carousel-container\">\n\n  <div class=\"un-logo-bar__marquee-content carousel-type__infinite\">\n                            <div class=\"un-logo-bar__logo-wrapper\">\n          <img loading=\"lazy\" decoding=\"async\" class=\"breakdance-image-object\" src=\"https:\/\/trulyverona.com\/wp-content\/uploads\/2026\/01\/local-tedesco-scaled.webp\" width=\"2419\" height=\"138\" srcset=\"https:\/\/trulyverona.com\/wp-content\/uploads\/2026\/01\/local-tedesco-scaled.webp 2560w, https:\/\/trulyverona.com\/wp-content\/uploads\/2026\/01\/local-tedesco-300x13.webp 300w, https:\/\/trulyverona.com\/wp-content\/uploads\/2026\/01\/local-tedesco-1024x43.webp 1024w, https:\/\/trulyverona.com\/wp-content\/uploads\/2026\/01\/local-tedesco-768x32.webp 768w, https:\/\/trulyverona.com\/wp-content\/uploads\/2026\/01\/local-tedesco-1536x64.webp 1536w, https:\/\/trulyverona.com\/wp-content\/uploads\/2026\/01\/local-tedesco-2048x86.webp 2048w, https:\/\/trulyverona.com\/wp-content\/uploads\/2026\/01\/local-tedesco-18x1.webp 18w\" sizes=\"auto, (max-width: 2419px) 100vw, 2419px\">\n        <\/div>\n                                        <div class=\"un-logo-bar__logo-wrapper\">\n          <img loading=\"lazy\" decoding=\"async\" class=\"breakdance-image-object\" src=\"https:\/\/trulyverona.com\/wp-content\/uploads\/2026\/01\/local-tedesco-scaled.webp\" width=\"2419\" height=\"138\" srcset=\"https:\/\/trulyverona.com\/wp-content\/uploads\/2026\/01\/local-tedesco-scaled.webp 2560w, https:\/\/trulyverona.com\/wp-content\/uploads\/2026\/01\/local-tedesco-300x13.webp 300w, https:\/\/trulyverona.com\/wp-content\/uploads\/2026\/01\/local-tedesco-1024x43.webp 1024w, https:\/\/trulyverona.com\/wp-content\/uploads\/2026\/01\/local-tedesco-768x32.webp 768w, https:\/\/trulyverona.com\/wp-content\/uploads\/2026\/01\/local-tedesco-1536x64.webp 1536w, https:\/\/trulyverona.com\/wp-content\/uploads\/2026\/01\/local-tedesco-2048x86.webp 2048w, https:\/\/trulyverona.com\/wp-content\/uploads\/2026\/01\/local-tedesco-18x1.webp 18w\" sizes=\"auto, (max-width: 2419px) 100vw, 2419px\">\n        <\/div>\n                                        <div class=\"un-logo-bar__logo-wrapper\">\n          <img loading=\"lazy\" decoding=\"async\" class=\"breakdance-image-object\" src=\"https:\/\/trulyverona.com\/wp-content\/uploads\/2026\/01\/local-tedesco-scaled.webp\" width=\"2419\" height=\"138\" srcset=\"https:\/\/trulyverona.com\/wp-content\/uploads\/2026\/01\/local-tedesco-scaled.webp 2560w, https:\/\/trulyverona.com\/wp-content\/uploads\/2026\/01\/local-tedesco-300x13.webp 300w, https:\/\/trulyverona.com\/wp-content\/uploads\/2026\/01\/local-tedesco-1024x43.webp 1024w, https:\/\/trulyverona.com\/wp-content\/uploads\/2026\/01\/local-tedesco-768x32.webp 768w, https:\/\/trulyverona.com\/wp-content\/uploads\/2026\/01\/local-tedesco-1536x64.webp 1536w, https:\/\/trulyverona.com\/wp-content\/uploads\/2026\/01\/local-tedesco-2048x86.webp 2048w, https:\/\/trulyverona.com\/wp-content\/uploads\/2026\/01\/local-tedesco-18x1.webp 18w\" sizes=\"auto, (max-width: 2419px) 100vw, 2419px\">\n        <\/div>\n                                        <div class=\"un-logo-bar__logo-wrapper\">\n          <img loading=\"lazy\" decoding=\"async\" class=\"breakdance-image-object\" src=\"https:\/\/trulyverona.com\/wp-content\/uploads\/2026\/01\/local-tedesco-scaled.webp\" width=\"2419\" height=\"138\" srcset=\"https:\/\/trulyverona.com\/wp-content\/uploads\/2026\/01\/local-tedesco-scaled.webp 2560w, https:\/\/trulyverona.com\/wp-content\/uploads\/2026\/01\/local-tedesco-300x13.webp 300w, https:\/\/trulyverona.com\/wp-content\/uploads\/2026\/01\/local-tedesco-1024x43.webp 1024w, https:\/\/trulyverona.com\/wp-content\/uploads\/2026\/01\/local-tedesco-768x32.webp 768w, https:\/\/trulyverona.com\/wp-content\/uploads\/2026\/01\/local-tedesco-1536x64.webp 1536w, https:\/\/trulyverona.com\/wp-content\/uploads\/2026\/01\/local-tedesco-2048x86.webp 2048w, https:\/\/trulyverona.com\/wp-content\/uploads\/2026\/01\/local-tedesco-18x1.webp 18w\" sizes=\"auto, (max-width: 2419px) 100vw, 2419px\">\n        <\/div>\n                                        <div class=\"un-logo-bar__logo-wrapper\">\n          <img loading=\"lazy\" decoding=\"async\" class=\"breakdance-image-object\" src=\"https:\/\/trulyverona.com\/wp-content\/uploads\/2026\/01\/local-tedesco-scaled.webp\" width=\"2419\" height=\"138\" srcset=\"https:\/\/trulyverona.com\/wp-content\/uploads\/2026\/01\/local-tedesco-scaled.webp 2560w, https:\/\/trulyverona.com\/wp-content\/uploads\/2026\/01\/local-tedesco-300x13.webp 300w, https:\/\/trulyverona.com\/wp-content\/uploads\/2026\/01\/local-tedesco-1024x43.webp 1024w, https:\/\/trulyverona.com\/wp-content\/uploads\/2026\/01\/local-tedesco-768x32.webp 768w, https:\/\/trulyverona.com\/wp-content\/uploads\/2026\/01\/local-tedesco-1536x64.webp 1536w, https:\/\/trulyverona.com\/wp-content\/uploads\/2026\/01\/local-tedesco-2048x86.webp 2048w, https:\/\/trulyverona.com\/wp-content\/uploads\/2026\/01\/local-tedesco-18x1.webp 18w\" sizes=\"auto, (max-width: 2419px) 100vw, 2419px\">\n        <\/div>\n                                        <div class=\"un-logo-bar__logo-wrapper\">\n          <img loading=\"lazy\" decoding=\"async\" class=\"breakdance-image-object\" src=\"https:\/\/trulyverona.com\/wp-content\/uploads\/2026\/01\/local-tedesco-scaled.webp\" width=\"2419\" height=\"138\" srcset=\"https:\/\/trulyverona.com\/wp-content\/uploads\/2026\/01\/local-tedesco-scaled.webp 2560w, https:\/\/trulyverona.com\/wp-content\/uploads\/2026\/01\/local-tedesco-300x13.webp 300w, https:\/\/trulyverona.com\/wp-content\/uploads\/2026\/01\/local-tedesco-1024x43.webp 1024w, https:\/\/trulyverona.com\/wp-content\/uploads\/2026\/01\/local-tedesco-768x32.webp 768w, https:\/\/trulyverona.com\/wp-content\/uploads\/2026\/01\/local-tedesco-1536x64.webp 1536w, https:\/\/trulyverona.com\/wp-content\/uploads\/2026\/01\/local-tedesco-2048x86.webp 2048w, https:\/\/trulyverona.com\/wp-content\/uploads\/2026\/01\/local-tedesco-18x1.webp 18w\" sizes=\"auto, (max-width: 2419px) 100vw, 2419px\">\n        <\/div>\n                      <\/div>\n<\/div><\/div>\n<\/section><section class=\"bde-section-440-133 bde-section\">\n  \n  \n\t\n\n\n\n<div class=\"section-container\"><div class=\"bde-google-map-440-135 bde-google-map\">\r\n<iframe width=\"100%\" height=\"100%\" style=\"border:0\" loading=\"lazy\" title=\"Karte\" src=\"https:\/\/maps.google.com\/maps?q=Truly+Verona&t=m&z=13&output=embed&iwloc=near\" allowfullscreen><\/iframe>\n<\/div><\/div>\n<\/section>","protected":false},"excerpt":{"rendered":"<p>Contatti Per maggiori informazioni o richieste particolari non esitare a conttattarci, saremo sempre lieti di aiutarti. RESTIAMO IN CONTATTO Scirvici un messaggio Compila il form qui sotto, tutti i campi sono obbligatori. Nome* Email* Numero di telefono* Messaggio* Ho letto e accetto la Privacy Policy HP Name Invia messaggio Reception Via S. Pietro Incarnario, 8a, [&hellip;]<\/p>","protected":false},"author":3,"featured_media":0,"parent":0,"menu_order":0,"comment_status":"closed","ping_status":"closed","template":"","meta":{"_breakdance_hide_in_design_set":false,"_breakdance_tags":"","footnotes":""},"class_list":["post-440","page","type-page","status-publish","hentry"],"_links":{"self":[{"href":"https:\/\/trulyverona.com\/de\/wp-json\/wp\/v2\/pages\/440","targetHints":{"allow":["GET"]}}],"collection":[{"href":"https:\/\/trulyverona.com\/de\/wp-json\/wp\/v2\/pages"}],"about":[{"href":"https:\/\/trulyverona.com\/de\/wp-json\/wp\/v2\/types\/page"}],"author":[{"embeddable":true,"href":"https:\/\/trulyverona.com\/de\/wp-json\/wp\/v2\/users\/3"}],"replies":[{"embeddable":true,"href":"https:\/\/trulyverona.com\/de\/wp-json\/wp\/v2\/comments?post=440"}],"version-history":[{"count":24,"href":"https:\/\/trulyverona.com\/de\/wp-json\/wp\/v2\/pages\/440\/revisions"}],"predecessor-version":[{"id":2009,"href":"https:\/\/trulyverona.com\/de\/wp-json\/wp\/v2\/pages\/440\/revisions\/2009"}],"wp:attachment":[{"href":"https:\/\/trulyverona.com\/de\/wp-json\/wp\/v2\/media?parent=440"}],"curies":[{"name":"wp","href":"https:\/\/api.w.org\/{rel}","templated":true}]}}